{"id":168,"date":"2023-10-20T10:13:54","date_gmt":"2023-10-20T08:13:54","guid":{"rendered":"http:\/\/cbdigio.cluster020.hosting.ovh.net\/?page_id=168"},"modified":"2024-05-24T16:52:21","modified_gmt":"2024-05-24T14:52:21","slug":"nos-produits","status":"publish","type":"page","link":"https:\/\/www.blue-capsule.com\/index.php\/nos-produits\/","title":{"rendered":"Nos produits"},"content":{"rendered":"\t\t<div data-elementor-type=\"wp-page\" data-elementor-id=\"168\" class=\"elementor elementor-168\" data-elementor-post-type=\"page\">\n\t\t\t\t<div class=\"elementor-element elementor-element-3b3de04 e-flex e-con-boxed e-con e-parent\" data-id=\"3b3de04\" data-element_type=\"container\">\n\t\t\t\t\t<div class=\"e-con-inner\">\n\t\t\t\t<div class=\"elementor-element elementor-element-61e463f elementor-widget elementor-widget-heading\" data-id=\"61e463f\" data-element_type=\"widget\" data-widget_type=\"heading.default\">\n\t\t\t\t<div class=\"elementor-widget-container\">\n\t\t\t<h2 class=\"elementor-heading-title elementor-size-default\">L'ENSEMBLE DE NOS GAMMES<\/h2>\t\t<\/div>\n\t\t\t\t<\/div>\n\t\t\t\t\t<\/div>\n\t\t\t\t<\/div>\n\t\t\t\t<section class=\"elementor-section elementor-top-section elementor-element elementor-element-g7cdhgn elementor-section-content-middle elementor-section-boxed elementor-section-height-default elementor-section-height-default\" data-id=\"g7cdhgn\" data-element_type=\"section\" data-settings=\"{&quot;background_background&quot;:&quot;classic&quot;}\">\n\t\t\t\t\t\t\t<div class=\"elementor-background-overlay\"><\/div>\n\t\t\t\t\t\t\t<div class=\"elementor-container elementor-column-gap-no\">\n\t\t\t\t\t<div class=\"elementor-column elementor-col-33 elementor-top-column elementor-element elementor-element-00fe61f\" data-id=\"00fe61f\" data-element_type=\"column\">\n\t\t\t<div class=\"elementor-widget-wrap elementor-element-populated\">\n\t\t\t\t\t\t<div class=\"elementor-element elementor-element-f0ae45e elementor-widget elementor-widget-image\" data-id=\"f0ae45e\" data-element_type=\"widget\" data-widget_type=\"image.default\">\n\t\t\t\t<div class=\"elementor-widget-container\">\n\t\t\t\t\t\t\t\t\t\t\t\t\t<img fetchpriority=\"high\" decoding=\"async\" width=\"563\" height=\"563\" src=\"https:\/\/www.blue-capsule.com\/wp-content\/uploads\/2024\/05\/1.png\" class=\"attachment-large size-large wp-image-995\" alt=\"\" srcset=\"https:\/\/www.blue-capsule.com\/wp-content\/uploads\/2024\/05\/1.png 563w, https:\/\/www.blue-capsule.com\/wp-content\/uploads\/2024\/05\/1-300x300.png 300w, https:\/\/www.blue-capsule.com\/wp-content\/uploads\/2024\/05\/1-150x150.png 150w\" sizes=\"(max-width: 563px) 100vw, 563px\" \/>\t\t\t\t\t\t\t\t\t\t\t\t\t<\/div>\n\t\t\t\t<\/div>\n\t\t\t\t<div class=\"elementor-element elementor-element-1460afc elementor-widget elementor-widget-heading\" data-id=\"1460afc\" data-element_type=\"widget\" data-widget_type=\"heading.default\">\n\t\t\t\t<div class=\"elementor-widget-container\">\n\t\t\t<h3 class=\"elementor-heading-title elementor-size-default\">CANNE \u00c0 SUCRE<\/h3>\t\t<\/div>\n\t\t\t\t<\/div>\n\t\t\t\t<div class=\"elementor-element elementor-element-4fe0555 elementor-widget elementor-widget-text-editor\" data-id=\"4fe0555\" data-element_type=\"widget\" data-widget_type=\"text-editor.default\">\n\t\t\t\t<div class=\"elementor-widget-container\">\n\t\t\t\t\t\t\t<p style=\"text-align: center;\"><span style=\"color: #000000;\">Vaste gamme de plateaux, tasses, couverts produits \u00e0 de canne \u00e0 sucre.<\/span><\/p>\t\t\t\t\t\t<\/div>\n\t\t\t\t<\/div>\n\t\t\t\t<div class=\"elementor-element elementor-element-99e89ea elementor-widget elementor-widget-spacer\" data-id=\"99e89ea\" data-element_type=\"widget\" data-widget_type=\"spacer.default\">\n\t\t\t\t<div class=\"elementor-widget-container\">\n\t\t\t\t\t<div class=\"elementor-spacer\">\n\t\t\t<div class=\"elementor-spacer-inner\"><\/div>\n\t\t<\/div>\n\t\t\t\t<\/div>\n\t\t\t\t<\/div>\n\t\t\t\t<div class=\"elementor-element elementor-element-7e53d70 elementor-widget elementor-widget-heading\" data-id=\"7e53d70\" data-element_type=\"widget\" data-widget_type=\"heading.default\">\n\t\t\t\t<div class=\"elementor-widget-container\">\n\t\t\t<h3 class=\"elementor-heading-title elementor-size-small\"><a href=\"https:\/\/www.blue-capsule.com\/wp-content\/uploads\/2024\/05\/Canne-a-sucre.pdf\" target=\"_blank\">EN SAVOIR PLUS<\/a><\/h3>\t\t<\/div>\n\t\t\t\t<\/div>\n\t\t\t\t\t<\/div>\n\t\t<\/div>\n\t\t\t\t<div class=\"elementor-column elementor-col-33 elementor-top-column elementor-element elementor-element-c03a5f3\" data-id=\"c03a5f3\" data-element_type=\"column\">\n\t\t\t<div class=\"elementor-widget-wrap elementor-element-populated\">\n\t\t\t\t\t\t<div class=\"elementor-element elementor-element-c66c50d elementor-widget-mobile__width-initial elementor-widget elementor-widget-image\" data-id=\"c66c50d\" data-element_type=\"widget\" data-widget_type=\"image.default\">\n\t\t\t\t<div class=\"elementor-widget-container\">\n\t\t\t\t\t\t\t\t\t\t\t\t\t<img decoding=\"async\" width=\"500\" height=\"500\" src=\"https:\/\/www.blue-capsule.com\/wp-content\/uploads\/2024\/05\/4.png\" class=\"attachment-full size-full wp-image-999\" alt=\"\" srcset=\"https:\/\/www.blue-capsule.com\/wp-content\/uploads\/2024\/05\/4.png 500w, https:\/\/www.blue-capsule.com\/wp-content\/uploads\/2024\/05\/4-300x300.png 300w, https:\/\/www.blue-capsule.com\/wp-content\/uploads\/2024\/05\/4-150x150.png 150w\" sizes=\"(max-width: 500px) 100vw, 500px\" \/>\t\t\t\t\t\t\t\t\t\t\t\t\t<\/div>\n\t\t\t\t<\/div>\n\t\t\t\t<div class=\"elementor-element elementor-element-8bc0a5d elementor-widget elementor-widget-heading\" data-id=\"8bc0a5d\" data-element_type=\"widget\" data-widget_type=\"heading.default\">\n\t\t\t\t<div class=\"elementor-widget-container\">\n\t\t\t<h3 class=\"elementor-heading-title elementor-size-default\">BIO-PLASTIQUE<\/h3>\t\t<\/div>\n\t\t\t\t<\/div>\n\t\t\t\t<div class=\"elementor-element elementor-element-fbb0576 elementor-widget elementor-widget-text-editor\" data-id=\"fbb0576\" data-element_type=\"widget\" data-widget_type=\"text-editor.default\">\n\t\t\t\t<div class=\"elementor-widget-container\">\n\t\t\t\t\t\t\t<p style=\"text-align: center;\">Produits compostables rempla\u00e7ant l&rsquo;ensemble des consommables alimentaires traditionnellement faits en plastique<\/p>\t\t\t\t\t\t<\/div>\n\t\t\t\t<\/div>\n\t\t\t\t<div class=\"elementor-element elementor-element-1647272 elementor-widget elementor-widget-heading\" data-id=\"1647272\" data-element_type=\"widget\" data-widget_type=\"heading.default\">\n\t\t\t\t<div class=\"elementor-widget-container\">\n\t\t\t<h3 class=\"elementor-heading-title elementor-size-small\"><a href=\"https:\/\/www.blue-capsule.com\/wp-content\/uploads\/2024\/05\/Bioplastiques.pdf\" target=\"_blank\">EN SAVOIR PLUS<\/a><\/h3>\t\t<\/div>\n\t\t\t\t<\/div>\n\t\t\t\t\t<\/div>\n\t\t<\/div>\n\t\t\t\t<div class=\"elementor-column elementor-col-33 elementor-top-column elementor-element elementor-element-77f9305\" data-id=\"77f9305\" data-element_type=\"column\">\n\t\t\t<div class=\"elementor-widget-wrap elementor-element-populated\">\n\t\t\t\t\t\t<div class=\"elementor-element elementor-element-4d5532e elementor-widget elementor-widget-image\" data-id=\"4d5532e\" data-element_type=\"widget\" data-widget_type=\"image.default\">\n\t\t\t\t<div class=\"elementor-widget-container\">\n\t\t\t\t\t\t\t\t\t\t\t\t\t<img decoding=\"async\" width=\"500\" height=\"500\" src=\"https:\/\/www.blue-capsule.com\/wp-content\/uploads\/2024\/05\/5.png\" class=\"attachment-large size-large wp-image-1000\" alt=\"\" srcset=\"https:\/\/www.blue-capsule.com\/wp-content\/uploads\/2024\/05\/5.png 500w, https:\/\/www.blue-capsule.com\/wp-content\/uploads\/2024\/05\/5-300x300.png 300w, https:\/\/www.blue-capsule.com\/wp-content\/uploads\/2024\/05\/5-150x150.png 150w\" sizes=\"(max-width: 500px) 100vw, 500px\" \/>\t\t\t\t\t\t\t\t\t\t\t\t\t<\/div>\n\t\t\t\t<\/div>\n\t\t\t\t<div class=\"elementor-element elementor-element-79b4a88 elementor-widget elementor-widget-heading\" data-id=\"79b4a88\" data-element_type=\"widget\" data-widget_type=\"heading.default\">\n\t\t\t\t<div class=\"elementor-widget-container\">\n\t\t\t<h3 class=\"elementor-heading-title elementor-size-default\">PAPIER \/ BOIS \/ BAMBOU<\/h3>\t\t<\/div>\n\t\t\t\t<\/div>\n\t\t\t\t<div class=\"elementor-element elementor-element-bf20e91 elementor-widget elementor-widget-text-editor\" data-id=\"bf20e91\" data-element_type=\"widget\" data-widget_type=\"text-editor.default\">\n\t\t\t\t<div class=\"elementor-widget-container\">\n\t\t\t\t\t\t\t<p style=\"text-align: center;\"><span style=\"color: #000000;\">Ustensiles alimentaires \u00e0 usage uniquement ou r\u00e9utilisable<\/span><\/p>\t\t\t\t\t\t<\/div>\n\t\t\t\t<\/div>\n\t\t\t\t<div class=\"elementor-element elementor-element-bf32a42 elementor-widget elementor-widget-spacer\" data-id=\"bf32a42\" data-element_type=\"widget\" data-widget_type=\"spacer.default\">\n\t\t\t\t<div class=\"elementor-widget-container\">\n\t\t\t\t\t<div class=\"elementor-spacer\">\n\t\t\t<div class=\"elementor-spacer-inner\"><\/div>\n\t\t<\/div>\n\t\t\t\t<\/div>\n\t\t\t\t<\/div>\n\t\t\t\t<div class=\"elementor-element elementor-element-ecf4299 elementor-widget elementor-widget-heading\" data-id=\"ecf4299\" data-element_type=\"widget\" data-widget_type=\"heading.default\">\n\t\t\t\t<div class=\"elementor-widget-container\">\n\t\t\t<h3 class=\"elementor-heading-title elementor-size-small\"><a href=\"https:\/\/www.blue-capsule.com\/wp-content\/uploads\/2024\/05\/Papier-Bois-Bambou.pdf.pdf\" target=\"_blank\">EN SAVOIR PLUS<\/a><\/h3>\t\t<\/div>\n\t\t\t\t<\/div>\n\t\t\t\t\t<\/div>\n\t\t<\/div>\n\t\t\t\t\t<\/div>\n\t\t<\/section>\n\t\t\t\t<section class=\"elementor-section elementor-top-section elementor-element elementor-element-ae61424 elementor-section-content-middle elementor-section-boxed elementor-section-height-default elementor-section-height-default\" data-id=\"ae61424\" data-element_type=\"section\" data-settings=\"{&quot;background_background&quot;:&quot;classic&quot;}\">\n\t\t\t\t\t\t\t<div class=\"elementor-background-overlay\"><\/div>\n\t\t\t\t\t\t\t<div class=\"elementor-container elementor-column-gap-no\">\n\t\t\t\t\t<div class=\"elementor-column elementor-col-50 elementor-top-column elementor-element elementor-element-ef50393\" data-id=\"ef50393\" data-element_type=\"column\">\n\t\t\t<div class=\"elementor-widget-wrap elementor-element-populated\">\n\t\t\t\t\t\t<div class=\"elementor-element elementor-element-b6349be elementor-widget elementor-widget-image\" data-id=\"b6349be\" data-element_type=\"widget\" data-widget_type=\"image.default\">\n\t\t\t\t<div class=\"elementor-widget-container\">\n\t\t\t\t\t\t\t\t\t\t\t\t\t<img loading=\"lazy\" decoding=\"async\" width=\"563\" height=\"563\" src=\"https:\/\/www.blue-capsule.com\/wp-content\/uploads\/2024\/05\/2.png\" class=\"attachment-large size-large wp-image-997\" alt=\"\" srcset=\"https:\/\/www.blue-capsule.com\/wp-content\/uploads\/2024\/05\/2.png 563w, https:\/\/www.blue-capsule.com\/wp-content\/uploads\/2024\/05\/2-300x300.png 300w, https:\/\/www.blue-capsule.com\/wp-content\/uploads\/2024\/05\/2-150x150.png 150w\" sizes=\"(max-width: 563px) 100vw, 563px\" \/>\t\t\t\t\t\t\t\t\t\t\t\t\t<\/div>\n\t\t\t\t<\/div>\n\t\t\t\t<div class=\"elementor-element elementor-element-b1a299d elementor-widget elementor-widget-heading\" data-id=\"b1a299d\" data-element_type=\"widget\" data-widget_type=\"heading.default\">\n\t\t\t\t<div class=\"elementor-widget-container\">\n\t\t\t<h3 class=\"elementor-heading-title elementor-size-default\">VERRE<\/h3>\t\t<\/div>\n\t\t\t\t<\/div>\n\t\t\t\t<div class=\"elementor-element elementor-element-bdfdb37 elementor-widget elementor-widget-text-editor\" data-id=\"bdfdb37\" data-element_type=\"widget\" data-widget_type=\"text-editor.default\">\n\t\t\t\t<div class=\"elementor-widget-container\">\n\t\t\t\t\t\t\t<p style=\"text-align: center;\">R\u00e9utilisable et recyclable, le verre est l\u2019un des mat\u00e9riaux les plus utiles utilis\u00e9s dans l\u2019industrie de la fabrication de vaisselle.<\/p>\t\t\t\t\t\t<\/div>\n\t\t\t\t<\/div>\n\t\t\t\t<div class=\"elementor-element elementor-element-44b6569 elementor-widget elementor-widget-heading\" data-id=\"44b6569\" data-element_type=\"widget\" data-widget_type=\"heading.default\">\n\t\t\t\t<div class=\"elementor-widget-container\">\n\t\t\t<h3 class=\"elementor-heading-title elementor-size-small\"><a href=\"https:\/\/www.blue-capsule.com\/wp-content\/uploads\/2024\/05\/Verre.pdf\" target=\"_blank\">EN SAVOIR PLUS<\/a><\/h3>\t\t<\/div>\n\t\t\t\t<\/div>\n\t\t\t\t\t<\/div>\n\t\t<\/div>\n\t\t\t\t<div class=\"elementor-column elementor-col-50 elementor-top-column elementor-element elementor-element-481d4f6\" data-id=\"481d4f6\" data-element_type=\"column\">\n\t\t\t<div class=\"elementor-widget-wrap elementor-element-populated\">\n\t\t\t\t\t\t<div class=\"elementor-element elementor-element-bd94f76 elementor-widget-mobile__width-initial elementor-widget elementor-widget-image\" data-id=\"bd94f76\" data-element_type=\"widget\" data-widget_type=\"image.default\">\n\t\t\t\t<div class=\"elementor-widget-container\">\n\t\t\t\t\t\t\t\t\t\t\t\t\t<img loading=\"lazy\" decoding=\"async\" width=\"563\" height=\"563\" src=\"https:\/\/www.blue-capsule.com\/wp-content\/uploads\/2024\/05\/3.png\" class=\"attachment-large size-large wp-image-998\" alt=\"\" srcset=\"https:\/\/www.blue-capsule.com\/wp-content\/uploads\/2024\/05\/3.png 563w, https:\/\/www.blue-capsule.com\/wp-content\/uploads\/2024\/05\/3-300x300.png 300w, https:\/\/www.blue-capsule.com\/wp-content\/uploads\/2024\/05\/3-150x150.png 150w\" sizes=\"(max-width: 563px) 100vw, 563px\" \/>\t\t\t\t\t\t\t\t\t\t\t\t\t<\/div>\n\t\t\t\t<\/div>\n\t\t\t\t<div class=\"elementor-element elementor-element-ee23183 elementor-widget elementor-widget-heading\" data-id=\"ee23183\" data-element_type=\"widget\" data-widget_type=\"heading.default\">\n\t\t\t\t<div class=\"elementor-widget-container\">\n\t\t\t<h3 class=\"elementor-heading-title elementor-size-default\">ACIER INOXYDABLE<\/h3>\t\t<\/div>\n\t\t\t\t<\/div>\n\t\t\t\t<div class=\"elementor-element elementor-element-2718bae elementor-widget elementor-widget-text-editor\" data-id=\"2718bae\" data-element_type=\"widget\" data-widget_type=\"text-editor.default\">\n\t\t\t\t<div class=\"elementor-widget-container\">\n\t\t\t\t\t\t\t<p style=\"text-align: center;\">L\u2019une des solutions durables les plus rentables.<\/p>\t\t\t\t\t\t<\/div>\n\t\t\t\t<\/div>\n\t\t\t\t<div class=\"elementor-element elementor-element-477fa51 elementor-widget elementor-widget-heading\" data-id=\"477fa51\" data-element_type=\"widget\" data-widget_type=\"heading.default\">\n\t\t\t\t<div class=\"elementor-widget-container\">\n\t\t\t<h3 class=\"elementor-heading-title elementor-size-small\"><a href=\"https:\/\/www.blue-capsule.com\/wp-content\/uploads\/2024\/05\/Acier-Inoxydables.pdf\" target=\"_blank\">EN SAVOIR PLUS<\/a><\/h3>\t\t<\/div>\n\t\t\t\t<\/div>\n\t\t\t\t\t<\/div>\n\t\t<\/div>\n\t\t\t\t\t<\/div>\n\t\t<\/section>\n\t\t<div class=\"elementor-element elementor-element-d2e3d4d e-flex e-con-boxed e-con e-parent\" data-id=\"d2e3d4d\" data-element_type=\"container\">\n\t\t\t\t\t<div class=\"e-con-inner\">\n\t\t\t\t<div class=\"elementor-element elementor-element-70fd859 elementor-widget elementor-widget-text-editor\" data-id=\"70fd859\" data-element_type=\"widget\" data-widget_type=\"text-editor.default\">\n\t\t\t\t<div class=\"elementor-widget-container\">\n\t\t\t\t\t\t\t<p><span style=\"color: #000000;\"><span style=\"font-size: 18px;\">Pour<\/span><span style=\"font-size: 18px;\"> toute demande personnalis\u00e9e ou sur-mesure, <span style=\"text-decoration: underline;\"><a href=\"https:\/\/www.blue-capsule.com\/index.php\/contact\/\">contactez-nous<\/a><\/span><\/span><\/span><\/p>\t\t\t\t\t\t<\/div>\n\t\t\t\t<\/div>\n\t\t\t\t\t<\/div>\n\t\t\t\t<\/div>\n\t\t<div class=\"elementor-element elementor-element-dcfd437 e-flex e-con-boxed e-con e-parent\" data-id=\"dcfd437\" data-element_type=\"container\">\n\t\t\t\t\t<div class=\"e-con-inner\">\n\t\t\t\t<div class=\"elementor-element elementor-element-b4df600 elementor-widget-divider--view-line elementor-widget elementor-widget-divider\" data-id=\"b4df600\" data-element_type=\"widget\" data-widget_type=\"divider.default\">\n\t\t\t\t<div class=\"elementor-widget-container\">\n\t\t\t\t\t<div class=\"elementor-divider\">\n\t\t\t<span class=\"elementor-divider-separator\">\n\t\t\t\t\t\t<\/span>\n\t\t<\/div>\n\t\t\t\t<\/div>\n\t\t\t\t<\/div>\n\t\t\t\t\t<\/div>\n\t\t\t\t<\/div>\n\t\t<div class=\"elementor-element elementor-element-79c0851 e-flex e-con-boxed e-con e-parent\" data-id=\"79c0851\" data-element_type=\"container\">\n\t\t\t\t\t<div class=\"e-con-inner\">\n\t\t\t\t<div class=\"elementor-element elementor-element-28ecee4 elementor-widget elementor-widget-heading\" data-id=\"28ecee4\" data-element_type=\"widget\" data-widget_type=\"heading.default\">\n\t\t\t\t<div class=\"elementor-widget-container\">\n\t\t\t<h2 class=\"elementor-heading-title elementor-size-default\">NOS CERTIFICATIONS<\/h2>\t\t<\/div>\n\t\t\t\t<\/div>\n\t\t\t\t\t<\/div>\n\t\t\t\t<\/div>\n\t\t<div class=\"elementor-element elementor-element-6c6759c e-flex e-con-boxed e-con e-parent\" data-id=\"6c6759c\" data-element_type=\"container\">\n\t\t\t\t\t<div class=\"e-con-inner\">\n\t\t<div class=\"elementor-element elementor-element-0a8ebfd e-flex e-con-boxed e-con e-child\" data-id=\"0a8ebfd\" data-element_type=\"container\">\n\t\t\t\t\t<div class=\"e-con-inner\">\n\t\t<div class=\"elementor-element elementor-element-c587228 e-flex e-con-boxed e-con e-child\" data-id=\"c587228\" data-element_type=\"container\">\n\t\t\t\t\t<div class=\"e-con-inner\">\n\t\t<div class=\"elementor-element elementor-element-5234ef3 e-con-full e-flex e-con e-child\" data-id=\"5234ef3\" data-element_type=\"container\">\n\t\t\t\t<div class=\"elementor-element elementor-element-8a5e883 elementor-position-top elementor-widget elementor-widget-image-box\" data-id=\"8a5e883\" data-element_type=\"widget\" data-widget_type=\"image-box.default\">\n\t\t\t\t<div class=\"elementor-widget-container\">\n\t\t\t<div class=\"elementor-image-box-wrapper\"><figure class=\"elementor-image-box-img\"><img loading=\"lazy\" decoding=\"async\" width=\"2150\" height=\"994\" src=\"https:\/\/www.blue-capsule.com\/wp-content\/uploads\/2023\/10\/label1.png\" class=\"attachment-full size-full wp-image-220\" alt=\"\" srcset=\"https:\/\/www.blue-capsule.com\/wp-content\/uploads\/2023\/10\/label1.png 2150w, https:\/\/www.blue-capsule.com\/wp-content\/uploads\/2023\/10\/label1-300x139.png 300w, https:\/\/www.blue-capsule.com\/wp-content\/uploads\/2023\/10\/label1-1024x473.png 1024w, https:\/\/www.blue-capsule.com\/wp-content\/uploads\/2023\/10\/label1-768x355.png 768w, https:\/\/www.blue-capsule.com\/wp-content\/uploads\/2023\/10\/label1-1536x710.png 1536w, https:\/\/www.blue-capsule.com\/wp-content\/uploads\/2023\/10\/label1-2048x947.png 2048w\" sizes=\"(max-width: 2150px) 100vw, 2150px\" \/><\/figure><div class=\"elementor-image-box-content\"><h3 class=\"elementor-image-box-title\">Home Compost TUV<\/h3><\/div><\/div>\t\t<\/div>\n\t\t\t\t<\/div>\n\t\t\t\t<\/div>\n\t\t<div class=\"elementor-element elementor-element-dad9040 e-con-full e-flex e-con e-child\" data-id=\"dad9040\" data-element_type=\"container\">\n\t\t\t\t<div class=\"elementor-element elementor-element-e5dc576 elementor-position-top elementor-widget elementor-widget-image-box\" data-id=\"e5dc576\" data-element_type=\"widget\" data-widget_type=\"image-box.default\">\n\t\t\t\t<div class=\"elementor-widget-container\">\n\t\t\t<div class=\"elementor-image-box-wrapper\"><figure class=\"elementor-image-box-img\"><img loading=\"lazy\" decoding=\"async\" width=\"800\" height=\"400\" src=\"https:\/\/www.blue-capsule.com\/wp-content\/uploads\/2023\/10\/label2.png\" class=\"attachment-full size-full wp-image-224\" alt=\"\" srcset=\"https:\/\/www.blue-capsule.com\/wp-content\/uploads\/2023\/10\/label2.png 800w, https:\/\/www.blue-capsule.com\/wp-content\/uploads\/2023\/10\/label2-300x150.png 300w, https:\/\/www.blue-capsule.com\/wp-content\/uploads\/2023\/10\/label2-768x384.png 768w\" sizes=\"(max-width: 800px) 100vw, 800px\" \/><\/figure><div class=\"elementor-image-box-content\"><h3 class=\"elementor-image-box-title\">Industrial Compost TUV<\/h3><\/div><\/div>\t\t<\/div>\n\t\t\t\t<\/div>\n\t\t\t\t<\/div>\n\t\t<div class=\"elementor-element elementor-element-baa34f0 e-con-full e-flex e-con e-child\" data-id=\"baa34f0\" data-element_type=\"container\">\n\t\t\t\t<div class=\"elementor-element elementor-element-31a752d elementor-position-top elementor-widget elementor-widget-image-box\" data-id=\"31a752d\" data-element_type=\"widget\" data-widget_type=\"image-box.default\">\n\t\t\t\t<div class=\"elementor-widget-container\">\n\t\t\t<div class=\"elementor-image-box-wrapper\"><figure class=\"elementor-image-box-img\"><img loading=\"lazy\" decoding=\"async\" width=\"1020\" height=\"1380\" src=\"https:\/\/www.blue-capsule.com\/wp-content\/uploads\/2023\/10\/label3-1.png\" class=\"attachment-full size-full wp-image-242\" alt=\"\" srcset=\"https:\/\/www.blue-capsule.com\/wp-content\/uploads\/2023\/10\/label3-1.png 1020w, https:\/\/www.blue-capsule.com\/wp-content\/uploads\/2023\/10\/label3-1-222x300.png 222w, https:\/\/www.blue-capsule.com\/wp-content\/uploads\/2023\/10\/label3-1-757x1024.png 757w, https:\/\/www.blue-capsule.com\/wp-content\/uploads\/2023\/10\/label3-1-768x1039.png 768w\" sizes=\"(max-width: 1020px) 100vw, 1020px\" \/><\/figure><div class=\"elementor-image-box-content\"><h3 class=\"elementor-image-box-title\">Food Contact<\/h3><\/div><\/div>\t\t<\/div>\n\t\t\t\t<\/div>\n\t\t\t\t<\/div>\n\t\t<div class=\"elementor-element elementor-element-e4bf02d e-con-full e-flex e-con e-child\" data-id=\"e4bf02d\" data-element_type=\"container\">\n\t\t\t\t<div class=\"elementor-element elementor-element-88d248b elementor-position-top elementor-widget elementor-widget-image-box\" data-id=\"88d248b\" data-element_type=\"widget\" data-widget_type=\"image-box.default\">\n\t\t\t\t<div class=\"elementor-widget-container\">\n\t\t\t<div class=\"elementor-image-box-wrapper\"><figure class=\"elementor-image-box-img\"><img loading=\"lazy\" decoding=\"async\" width=\"137\" height=\"154\" src=\"https:\/\/www.blue-capsule.com\/wp-content\/uploads\/2023\/11\/afonr-label-2.png\" class=\"attachment-full size-full wp-image-652\" alt=\"\" \/><\/figure><div class=\"elementor-image-box-content\"><h3 class=\"elementor-image-box-title\">NF EN13432<\/h3><\/div><\/div>\t\t<\/div>\n\t\t\t\t<\/div>\n\t\t\t\t<\/div>\n\t\t\t\t\t<\/div>\n\t\t\t\t<\/div>\n\t\t\t\t\t<\/div>\n\t\t\t\t<\/div>\n\t\t\t\t\t<\/div>\n\t\t\t\t<\/div>\n\t\t\t\t<\/div>\n\t\t","protected":false},"excerpt":{"rendered":"<p>L&rsquo;ENSEMBLE DE NOS GAMMES CANNE \u00c0 SUCRE Vaste gamme de plateaux, tasses, couverts produits \u00e0 de canne \u00e0 sucre. EN SAVOIR PLUS BIO-PLASTIQUE Produits compostables rempla\u00e7ant l&rsquo;ensemble des consommables alimentaires traditionnellement faits en plastique EN SAVOIR PLUS PAPIER \/ BOIS \/ BAMBOU Ustensiles alimentaires \u00e0 usage uniquement ou r\u00e9utilisable EN SAVOIR PLUS VERRE R\u00e9utilisable et recyclable, le verre est l\u2019un des mat\u00e9riaux les plus utiles utilis\u00e9s dans l\u2019industrie de la fabrication de vaisselle. EN SAVOIR PLUS ACIER INOXYDABLE L\u2019une des solutions durables les plus rentables. EN SAVOIR PLUS Pour toute demande personnalis\u00e9e ou sur-mesure, contactez-nous NOS CERTIFICATIONS Home Compost TUV Industrial Compost TUV Food Contact NF EN13432<\/p>\n","protected":false},"author":3,"featured_media":0,"parent":0,"menu_order":0,"comment_status":"closed","ping_status":"closed","template":"elementor_header_footer","meta":{"_uag_custom_page_level_css":"","footnotes":""},"class_list":["post-168","page","type-page","status-publish"],"uagb_featured_image_src":{"full":false,"thumbnail":false,"medium":false,"medium_large":false,"large":false,"1536x1536":false,"2048x2048":false},"uagb_author_info":{"display_name":"Martin Six","author_link":"https:\/\/www.blue-capsule.com\/index.php\/author\/martinsix\/"},"uagb_comment_info":0,"uagb_excerpt":"L&rsquo;ENSEMBLE DE NOS GAMMES CANNE \u00c0 SUCRE Vaste gamme de plateaux, tasses, couverts produits \u00e0 de canne \u00e0 sucre. EN SAVOIR PLUS BIO-PLASTIQUE Produits compostables rempla\u00e7ant l&rsquo;ensemble des consommables alimentaires traditionnellement faits en plastique EN SAVOIR PLUS PAPIER \/ BOIS \/ BAMBOU Ustensiles alimentaires \u00e0 usage uniquement ou r\u00e9utilisable EN SAVOIR PLUS VERRE R\u00e9utilisable et\u2026","_links":{"self":[{"href":"https:\/\/www.blue-capsule.com\/index.php\/wp-json\/wp\/v2\/pages\/168","targetHints":{"allow":["GET"]}}],"collection":[{"href":"https:\/\/www.blue-capsule.com\/index.php\/wp-json\/wp\/v2\/pages"}],"about":[{"href":"https:\/\/www.blue-capsule.com\/index.php\/wp-json\/wp\/v2\/types\/page"}],"author":[{"embeddable":true,"href":"https:\/\/www.blue-capsule.com\/index.php\/wp-json\/wp\/v2\/users\/3"}],"replies":[{"embeddable":true,"href":"https:\/\/www.blue-capsule.com\/index.php\/wp-json\/wp\/v2\/comments?post=168"}],"version-history":[{"count":229,"href":"https:\/\/www.blue-capsule.com\/index.php\/wp-json\/wp\/v2\/pages\/168\/revisions"}],"predecessor-version":[{"id":1095,"href":"https:\/\/www.blue-capsule.com\/index.php\/wp-json\/wp\/v2\/pages\/168\/revisions\/1095"}],"wp:attachment":[{"href":"https:\/\/www.blue-capsule.com\/index.php\/wp-json\/wp\/v2\/media?parent=168"}],"curies":[{"name":"wp","href":"https:\/\/api.w.org\/{rel}","templated":true}]}}